{"id":291,"date":"2024-06-07T15:31:41","date_gmt":"2024-06-07T18:31:41","guid":{"rendered":"https:\/\/ajuda.sei-calculos.com.br\/?page_id=291"},"modified":"2024-06-10T14:56:37","modified_gmt":"2024-06-10T17:56:37","slug":"blog-sei-calculos","status":"publish","type":"page","link":"https:\/\/ajuda.sei-calculos.com.br\/?page_id=291","title":{"rendered":"Blog SEI-C\u00e1lculos"},"content":{"rendered":"\n<div class=\"wp-block-query is-layout-flow wp-block-query-is-layout-flow\"><ul class=\"columns-3 wp-block-post-template is-layout-grid wp-container-core-post-template-layout-1 wp-block-post-template-is-layout-grid\"><li class=\"wp-block-post post-313 post type-post status-publish format-aside hentry category-direito tag-custas-judiciais tag-despesas-processuais tag-processo-judicial post_format-post-format-aside\">\n\n<div class=\"wp-block-group is-layout-flow wp-block-group-is-layout-flow\" style=\"padding-top:30px;padding-right:30px;padding-bottom:30px;padding-left:30px\"><h2 class=\"wp-block-post-title\"><a href=\"https:\/\/ajuda.sei-calculos.com.br\/?p=313\" target=\"_self\" >Entendendo as Custas em um C\u00e1lculo Judicial<\/a><\/h2>\n\n<div class=\"wp-block-post-excerpt\"><p class=\"wp-block-post-excerpt__excerpt\">O que s\u00e3o as Custas Judiciais? Custas judiciais s\u00e3o valores cobrados pelo Estado para cobrir as despesas processuais. Elas s\u00e3o uma parte essencial de qualquer processo judicial, sendo necess\u00e1rias para o andamento dos procedimentos legais. No Brasil, as custas podem variar dependendo do tribunal, do tipo de processo e da fase em que a a\u00e7\u00e3o&hellip; <\/p><\/div>\n\n<div class=\"wp-block-post-date\"><time datetime=\"2024-06-07T16:12:52-03:00\">7 de junho de 2024<\/time><\/div><\/div>\n\n<\/li><li class=\"wp-block-post post-308 post type-post status-publish format-standard hentry category-financas tag-correcao-monetaria tag-indices-economicos tag-inflacao\">\n\n<div class=\"wp-block-group is-layout-flow wp-block-group-is-layout-flow\" style=\"padding-top:30px;padding-right:30px;padding-bottom:30px;padding-left:30px\"><h2 class=\"wp-block-post-title\"><a href=\"https:\/\/ajuda.sei-calculos.com.br\/?p=308\" target=\"_self\" >O Que \u00e9 um \u00cdndice Monet\u00e1rio<\/a><\/h2>\n\n<div class=\"wp-block-post-excerpt\"><p class=\"wp-block-post-excerpt__excerpt\">O Papel dos \u00cdndices Monet\u00e1rios Em finan\u00e7as, um \u00edndice monet\u00e1rio \u00e9 utilizado para orientar a corre\u00e7\u00e3o monet\u00e1ria. Esses \u00edndices refletem a varia\u00e7\u00e3o dos pre\u00e7os na economia e s\u00e3o calculados por institui\u00e7\u00f5es oficiais, como o Instituto Brasileiro de Geografia e Estat\u00edstica (IBGE) no Brasil. Os \u00edndices mais comuns incluem o \u00cdndice de Pre\u00e7os ao Consumidor Amplo&hellip; <\/p><\/div>\n\n<div class=\"wp-block-post-date\"><time datetime=\"2024-06-07T16:03:34-03:00\">7 de junho de 2024<\/time><\/div><\/div>\n\n<\/li><li class=\"wp-block-post post-299 post type-post status-publish format-standard hentry category-economia tag-correcao-monetaria tag-financas tag-inflacao\">\n\n<div class=\"wp-block-group is-layout-flow wp-block-group-is-layout-flow\" style=\"padding-top:30px;padding-right:30px;padding-bottom:30px;padding-left:30px\"><h2 class=\"wp-block-post-title\"><a href=\"https:\/\/ajuda.sei-calculos.com.br\/?p=299\" target=\"_self\" >Entendendo a Corre\u00e7\u00e3o Monet\u00e1ria de Valores<\/a><\/h2>\n\n<div class=\"wp-block-post-excerpt\"><p class=\"wp-block-post-excerpt__excerpt\">O Que \u00e9 Corre\u00e7\u00e3o Monet\u00e1ria? A corre\u00e7\u00e3o monet\u00e1ria \u00e9 um mecanismo utilizado para atualizar o valor de uma d\u00edvida ao longo do tempo, de acordo com a infla\u00e7\u00e3o. Esse processo tem como objetivo preservar o poder de compra do dinheiro, garantindo que o valor devido n\u00e3o perca seu valor real devido \u00e0 desvaloriza\u00e7\u00e3o da moeda.&hellip; <\/p><\/div>\n\n<div class=\"wp-block-post-date\"><time datetime=\"2024-06-07T15:44:06-03:00\">7 de junho de 2024<\/time><\/div><\/div>\n\n<\/li><li class=\"wp-block-post post-289 post type-post status-publish format-standard hentry category-financas tag-educacao-financeira tag-financas-pessoais tag-investimentos\">\n\n<div class=\"wp-block-group is-layout-flow wp-block-group-is-layout-flow\" style=\"padding-top:30px;padding-right:30px;padding-bottom:30px;padding-left:30px\"><h2 class=\"wp-block-post-title\"><a href=\"https:\/\/ajuda.sei-calculos.com.br\/?p=289\" target=\"_self\" >Entendendo a Diferen\u00e7a entre Juros Simples e Juros Compostos<\/a><\/h2>\n\n<div class=\"wp-block-post-excerpt\"><p class=\"wp-block-post-excerpt__excerpt\">Introdu\u00e7\u00e3o aos Juros Simples e Juros Compostos Quando se trata de finan\u00e7as pessoais ou investimentos, compreender a diferen\u00e7a entre juros simples e juros compostos \u00e9 fundamental. Ambos s\u00e3o m\u00e9todos de calcular o valor do dinheiro ao longo do tempo, mas funcionam de maneiras distintas. O que s\u00e3o Juros Simples? Juros simples s\u00e3o calculados apenas sobre&hellip; <\/p><\/div>\n\n<div class=\"wp-block-post-date\"><time datetime=\"2024-06-07T15:27:16-03:00\">7 de junho de 2024<\/time><\/div><\/div>\n\n<\/li><\/ul><\/div>\n","protected":false},"excerpt":{"rendered":"","protected":false},"author":2,"featured_media":0,"parent":0,"menu_order":0,"comment_status":"closed","ping_status":"closed","template":"","meta":{"site-sidebar-layout":"default","site-content-layout":"","ast-site-content-layout":"default","site-content-style":"default","site-sidebar-style":"default","ast-global-header-display":"","ast-banner-title-visibility":"","ast-main-header-display":"","ast-hfb-above-header-display":"","ast-hfb-below-header-display":"","ast-hfb-mobile-header-display":"","site-post-title":"","ast-breadcrumbs-content":"","ast-featured-img":"","footer-sml-layout":"","ast-disable-related-posts":"","theme-transparent-header-meta":"","adv-header-id-meta":"","stick-header-meta":"","header-above-stick-meta":"","header-main-stick-meta":"","header-below-stick-meta":"","astra-migrate-meta-layouts":"default","ast-page-background-enabled":"default","ast-page-background-meta":{"desktop":{"background-color":"var(--ast-global-color-4)","background-image":"","background-repeat":"repeat","background-position":"center center","background-size":"auto","background-attachment":"scroll","background-type":"","background-media":"","overlay-type":"","overlay-color":"","overlay-opacity":"","overlay-gradient":""},"tablet":{"background-color":"","background-image":"","background-repeat":"repeat","background-position":"center center","background-size":"auto","background-attachment":"scroll","background-type":"","background-media":"","overlay-type":"","overlay-color":"","overlay-opacity":"","overlay-gradient":""},"mobile":{"background-color":"","background-image":"","background-repeat":"repeat","background-position":"center center","background-size":"auto","background-attachment":"scroll","background-type":"","background-media":"","overlay-type":"","overlay-color":"","overlay-opacity":"","overlay-gradient":""}},"ast-content-background-meta":{"desktop":{"background-color":"var(--ast-global-color-5)","background-image":"","background-repeat":"repeat","background-position":"center center","background-size":"auto","background-attachment":"scroll","background-type":"","background-media":"","overlay-type":"","overlay-color":"","overlay-opacity":"","overlay-gradient":""},"tablet":{"background-color":"var(--ast-global-color-5)","background-image":"","background-repeat":"repeat","background-position":"center center","background-size":"auto","background-attachment":"scroll","background-type":"","background-media":"","overlay-type":"","overlay-color":"","overlay-opacity":"","overlay-gradient":""},"mobile":{"background-color":"var(--ast-global-color-5)","background-image":"","background-repeat":"repeat","background-position":"center center","background-size":"auto","background-attachment":"scroll","background-type":"","background-media":"","overlay-type":"","overlay-color":"","overlay-opacity":"","overlay-gradient":""}},"footnotes":""},"_links":{"self":[{"href":"https:\/\/ajuda.sei-calculos.com.br\/index.php?rest_route=\/wp\/v2\/pages\/291"}],"collection":[{"href":"https:\/\/ajuda.sei-calculos.com.br\/index.php?rest_route=\/wp\/v2\/pages"}],"about":[{"href":"https:\/\/ajuda.sei-calculos.com.br\/index.php?rest_route=\/wp\/v2\/types\/page"}],"author":[{"embeddable":true,"href":"https:\/\/ajuda.sei-calculos.com.br\/index.php?rest_route=\/wp\/v2\/users\/2"}],"replies":[{"embeddable":true,"href":"https:\/\/ajuda.sei-calculos.com.br\/index.php?rest_route=%2Fwp%2Fv2%2Fcomments&post=291"}],"version-history":[{"count":9,"href":"https:\/\/ajuda.sei-calculos.com.br\/index.php?rest_route=\/wp\/v2\/pages\/291\/revisions"}],"predecessor-version":[{"id":320,"href":"https:\/\/ajuda.sei-calculos.com.br\/index.php?rest_route=\/wp\/v2\/pages\/291\/revisions\/320"}],"wp:attachment":[{"href":"https:\/\/ajuda.sei-calculos.com.br\/index.php?rest_route=%2Fwp%2Fv2%2Fmedia&parent=291"}],"curies":[{"name":"wp","href":"https:\/\/api.w.org\/{rel}","templated":true}]}}