{"id":378,"date":"2025-09-04T17:53:54","date_gmt":"2025-09-04T20:53:54","guid":{"rendered":"https:\/\/ajuda.sei-calculos.com.br\/?page_id=378"},"modified":"2025-09-24T17:26:58","modified_gmt":"2025-09-24T20:26:58","slug":"videos-sei-calculos","status":"publish","type":"page","link":"https:\/\/ajuda.sei-calculos.com.br\/?page_id=378","title":{"rendered":"V\u00eddeos SEI-C\u00e1lculos"},"content":{"rendered":"\n<div class=\"wp-block-cover alignfull has-parallax has-custom-content-position is-position-top-center\" style=\"border-style:none;border-width:0px;min-height:106px\"><span aria-hidden=\"true\" class=\"wp-block-cover__background has-background-dim-30 has-background-dim\"><\/span><div role=\"img\" class=\"wp-block-cover__image-background wp-image-477 has-parallax\" style=\"background-position:50% 50%;background-image:url(https:\/\/ajuda.sei-calculos.com.br\/wp-content\/uploads\/2025\/09\/fundo-coneccoes.jpg)\"><\/div><div class=\"wp-block-cover__inner-container is-layout-flow wp-block-cover-is-layout-flow\">\n<p class=\"has-text-align-center has-large-font-size\"><strong>V\u00eddeos SEI-C\u00e1lculos<\/strong><\/p>\n\n\n\n<div class=\"wp-block-media-text is-stacked-on-mobile\"><figure class=\"wp-block-media-text__media\"><img loading=\"lazy\" decoding=\"async\" width=\"1024\" height=\"683\" src=\"https:\/\/ajuda.sei-calculos.com.br\/wp-content\/uploads\/2025\/08\/ChatGPT-Image-26-de-ago.-de-2025-15_50_47-1024x683.png\" alt=\"\" class=\"wp-image-379 size-full\" srcset=\"https:\/\/ajuda.sei-calculos.com.br\/wp-content\/uploads\/2025\/08\/ChatGPT-Image-26-de-ago.-de-2025-15_50_47-1024x683.png 1024w, https:\/\/ajuda.sei-calculos.com.br\/wp-content\/uploads\/2025\/08\/ChatGPT-Image-26-de-ago.-de-2025-15_50_47-300x200.png 300w, https:\/\/ajuda.sei-calculos.com.br\/wp-content\/uploads\/2025\/08\/ChatGPT-Image-26-de-ago.-de-2025-15_50_47-768x512.png 768w, https:\/\/ajuda.sei-calculos.com.br\/wp-content\/uploads\/2025\/08\/ChatGPT-Image-26-de-ago.-de-2025-15_50_47.png 1536w\" sizes=\"(max-width: 1024px) 100vw, 1024px\" \/><\/figure><div class=\"wp-block-media-text__content\">\n<div class=\"wp-block-group has-small-font-size is-layout-constrained wp-block-group-is-layout-constrained\" style=\"border-style:none;border-width:0px;padding-top:var(--wp--preset--spacing--40);padding-right:var(--wp--preset--spacing--40);padding-bottom:var(--wp--preset--spacing--40);padding-left:var(--wp--preset--spacing--40)\">\n<div class=\"wp-block-columns is-layout-flex wp-container-core-columns-layout-1 wp-block-columns-is-layout-flex\">\n<div class=\"wp-block-column is-layout-flow wp-block-column-is-layout-flow\" style=\"flex-basis:100%\">\n<div class=\"wp-block-buttons is-horizontal is-content-justification-center is-layout-flex wp-container-core-buttons-layout-1 wp-block-buttons-is-layout-flex\">\n<div class=\"wp-block-button has-custom-width wp-block-button__width-100 is-style-fill\"><a class=\"wp-block-button__link has-midnight-gradient-background has-background wp-element-button\" href=\"#inicalc354\">Iniciando um c\u00e1lculo<\/a><\/div>\n\n\n\n<div class=\"wp-block-button has-custom-width wp-block-button__width-100\"><a class=\"wp-block-button__link has-midnight-gradient-background has-background wp-element-button\" href=\"#apliartigos\">Aplicando Artigos<\/a><\/div>\n\n\n\n<div class=\"wp-block-button has-custom-width wp-block-button__width-100\"><a class=\"wp-block-button__link has-midnight-gradient-background has-background wp-element-button\" href=\"#cadautores\">Cadastrando Autores<\/a><\/div>\n\n\n\n<div class=\"wp-block-button has-custom-width wp-block-button__width-100\"><a class=\"wp-block-button__link has-midnight-gradient-background has-background wp-element-button\" href=\"#txlegal\">Taxa Legal<\/a><\/div>\n\n\n\n<div class=\"wp-block-button has-custom-width wp-block-button__width-100\"><a class=\"wp-block-button__link has-midnight-gradient-background has-background wp-element-button\" href=\"#gerusuarios\">Gerenciador de usu\u00e1rios<\/a><\/div>\n<\/div>\n<\/div>\n<\/div>\n<\/div>\n<\/div><\/div>\n<\/div><\/div>\n\n\n\n<hr class=\"wp-block-separator has-text-color has-ast-global-color-0-color has-alpha-channel-opacity has-ast-global-color-0-background-color has-background is-style-wide\"\/>\n\n\n\n<h2 class=\"wp-block-heading has-text-align-center\" id=\"inicalc354\">Iniciando um c\u00e1lculo no m\u00f3dulo 354<\/h2>\n\n\n\n<p class=\"has-text-align-center\">A inclus\u00e3o de um c\u00e1lculo no sistema SEI-C\u00e1lculos \u00e9 bem simples e intuitiva. Acompanhe o v\u00eddeo abaixo com os passos para iniciar o seu primeiro c\u00e1lculo!<\/p>\n\n\n\n<div class=\"wp-block-columns is-layout-flex wp-container-core-columns-layout-3 wp-block-columns-is-layout-flex\">\n<div class=\"wp-block-column is-layout-flow wp-block-column-is-layout-flow\" style=\"flex-basis:100%\">\n<div class=\"wp-block-columns is-layout-flex wp-container-core-columns-layout-2 wp-block-columns-is-layout-flex\">\n<div class=\"wp-block-column is-layout-flow wp-block-column-is-layout-flow\" style=\"flex-basis:100%\">\n<div style=\"position:relative;padding-bottom:56.25%;height:0;overflow:hidden;max-width:100%;background:#000;\">\n  <iframe \n    src=\"https:\/\/www.youtube.com\/embed\/8rj8-q7Fil8?rel=0\" \n    title=\"YouTube video player\"\n    frameborder=\"0\"\n    allow=\"accelerometer; autoplay; clipboard-write; encrypted-media; gyroscope; picture-in-picture\" \n    allowfullscreen\n    style=\"position:absolute;top:0;left:0;width:100%;height:100%;\">\n  <\/iframe>\n<\/div>\n<\/div>\n<\/div>\n<\/div>\n<\/div>\n\n\n\n<hr class=\"wp-block-separator has-text-color has-ast-global-color-0-color has-alpha-channel-opacity has-ast-global-color-0-background-color has-background is-style-wide\"\/>\n\n\n\n<h2 class=\"wp-block-heading has-text-align-center\" id=\"apliartigos\">Aplicando Artigos<\/h2>\n\n\n\n<p>Permite adicionar ao c\u00e1lculo uma multa e um honor\u00e1rio, podendo selecionar se ser\u00e3o aplicados antes ou depois do total do c\u00e1lculo. Pode ser utilizado, por exemplo, para a aplica\u00e7\u00e3o do Artigo 523 ou Artigo 774 do CPC.<\/p>\n\n\n\n<div class=\"wp-block-columns is-layout-flex wp-container-core-columns-layout-4 wp-block-columns-is-layout-flex\">\n<div class=\"wp-block-column is-layout-flow wp-block-column-is-layout-flow\" style=\"flex-basis:100%\">\n<div style=\"position:relative;padding-bottom:56.25%;height:0;overflow:hidden;max-width:100%;background:#000;\">\n  <iframe \n    src=\"https:\/\/www.youtube.com\/embed\/SR7YLrnljaU?rel=0&#038;\" \n    title=\"YouTube video player\"\n    frameborder=\"0\"\n    allow=\"accelerometer; autoplay; clipboard-write; encrypted-media; gyroscope; picture-in-picture\" \n    allowfullscreen\n    style=\"position:absolute;top:0;left:0;width:100%;height:100%;\">\n  <\/iframe>\n<\/div>\n<\/div>\n<\/div>\n\n\n\n<hr class=\"wp-block-separator has-text-color has-ast-global-color-0-color has-alpha-channel-opacity has-ast-global-color-0-background-color has-background is-style-wide\"\/>\n\n\n\n<h2 class=\"wp-block-heading has-text-align-center\" id=\"cadautores\">Cadastrando Autores<\/h2>\n\n\n\n<p>Para iniciar um c\u00e1lculo, \u00e9 obrigat\u00f3rio cadastrar pelo menos um autor, pois todas as ocorr\u00eancias (parcelas do principal, pagamentos, honor\u00e1rios, entre outros) est\u00e3o vinculadas a ele. O&nbsp;<strong>SEI-C\u00e1lculos<\/strong>&nbsp;permite a inclus\u00e3o de m\u00faltiplos autores por c\u00e1lculo (limitado pelo seu plano), proporcionando maior flexibilidade. Dessa forma, al\u00e9m de incluir v\u00e1rios autores em um processo coletivo, voc\u00ea pode segmentar itens do c\u00e1lculo por autor.<\/p>\n\n\n\n<div class=\"wp-block-columns is-layout-flex wp-container-core-columns-layout-5 wp-block-columns-is-layout-flex\" id=\"cadautores\">\n<div class=\"wp-block-column is-layout-flow wp-block-column-is-layout-flow\" style=\"flex-basis:100%\">\n<div style=\"position:relative;padding-bottom:56.25%;height:0;overflow:hidden;max-width:100%;background:#000;\">\n  <iframe \n    src=\"https:\/\/www.youtube.com\/embed\/VEubJjvKXvw?rel=0\" \n    title=\"YouTube video player\"\n    frameborder=\"0\"\n    allow=\"accelerometer; autoplay; clipboard-write; encrypted-media; gyroscope; picture-in-picture\" \n    allowfullscreen\n    style=\"position:absolute;top:0;left:0;width:100%;height:100%;\">\n  <\/iframe>\n<\/div>\n<\/div>\n<\/div>\n\n\n\n<hr class=\"wp-block-separator has-text-color has-ast-global-color-0-color has-alpha-channel-opacity has-ast-global-color-0-background-color has-background is-style-wide\"\/>\n\n\n\n<h2 class=\"wp-block-heading has-text-align-center\" id=\"txlegal\">Taxa Legal<\/h2>\n\n\n\n<p>A Lei n\u00ba 14.905\/2024 trouxe uma grande mudan\u00e7a nos c\u00e1lculos de juros legais aplic\u00e1veis \u00e0s obriga\u00e7\u00f5es civis no Brasil. A novidade \u00e9 a cria\u00e7\u00e3o da Taxa Legal, um \u00edndice padronizado que passou a ser calculado pelo Banco Central a partir de 30 de agosto de 2024, com base na f\u00f3rmula:<\/p>\n\n\n\n<p>Taxa Legal = Selic \u2013 IPCA-15<br>(Se o resultado for negativo, a taxa ser\u00e1 zero.)<\/p>\n\n\n\n<p>Neste v\u00eddeo, voc\u00ea vai entender de forma simples e objetiva:<\/p>\n\n\n\n<ul>\n<li>O que \u00e9 a Taxa Legal e como ela \u00e9 calculada.<\/li>\n\n\n\n<li>Por que o Banco Central escolheu o IPCA-15 em vez do IPCA tradicional.<\/li>\n\n\n\n<li>A data de in\u00edcio da vig\u00eancia da lei e como aplicar nos c\u00e1lculos.<\/li>\n\n\n\n<li>Os principais desafios para advogados, contadores e peritos na pr\u00e1tica.<\/li>\n<\/ul>\n\n\n\n<div class=\"wp-block-columns is-layout-flex wp-container-core-columns-layout-6 wp-block-columns-is-layout-flex\" id=\"cadautores\">\n<div class=\"wp-block-column is-layout-flow wp-block-column-is-layout-flow\" style=\"flex-basis:100%\">\n<div style=\"position:relative;padding-bottom:56.25%;height:0;overflow:hidden;max-width:100%;background:#000;\">\n  <iframe \n    src=\"https:\/\/www.youtube.com\/embed\/D-0rx3FzlHI?rel=0\" \n    title=\"YouTube video player\"\n    frameborder=\"0\"\n    allow=\"accelerometer; autoplay; clipboard-write; encrypted-media; gyroscope; picture-in-picture\" \n    allowfullscreen\n    style=\"position:absolute;top:0;left:0;width:100%;height:100%;\">\n  <\/iframe>\n<\/div>\n<\/div>\n<\/div>\n\n\n\n<hr class=\"wp-block-separator has-text-color has-ast-global-color-0-color has-alpha-channel-opacity has-ast-global-color-0-background-color has-background is-style-wide\"\/>\n\n\n\n<h2 class=\"wp-block-heading\" id=\"gerusuarios\">Gerenciador de usu\u00e1rios<\/h2>\n\n\n\n<p>O gerenciador de usu\u00e1rios permite o gerenciamento de suas licen\u00e7as, relacionando com os seus usu\u00e1rios.<\/p>\n\n\n\n<div class=\"wp-block-columns is-layout-flex wp-container-core-columns-layout-7 wp-block-columns-is-layout-flex\" id=\"cadautores\">\n<div class=\"wp-block-column is-layout-flow wp-block-column-is-layout-flow\" style=\"flex-basis:100%\">\n<div style=\"position:relative;padding-bottom:56.25%;height:0;overflow:hidden;max-width:100%;background:#000;\">\n  <iframe \n    src=\"https:\/\/www.youtube.com\/embed\/w_YWZd1E5ZE?rel=0\" \n    title=\"YouTube video player\"\n    frameborder=\"0\"\n    allow=\"accelerometer; autoplay; clipboard-write; encrypted-media; gyroscope; picture-in-picture\" \n    allowfullscreen\n    style=\"position:absolute;top:0;left:0;width:100%;height:100%;\">\n  <\/iframe>\n<\/div>\n<\/div>\n<\/div>\n","protected":false},"excerpt":{"rendered":"<p>Iniciando um c\u00e1lculo no m\u00f3dulo 354 A inclus\u00e3o de um c\u00e1lculo no sistema SEI-C\u00e1lculos \u00e9 bem simples e intuitiva. Acompanhe o v\u00eddeo abaixo com os passos para iniciar o seu primeiro c\u00e1lculo! Aplicando Artigos Permite adicionar ao c\u00e1lculo uma multa e um honor\u00e1rio, podendo selecionar se ser\u00e3o aplicados antes ou depois do total do c\u00e1lculo. [&hellip;]<\/p>\n","protected":false},"author":1,"featured_media":0,"parent":0,"menu_order":0,"comment_status":"closed","ping_status":"closed","template":"","meta":{"site-sidebar-layout":"default","site-content-layout":"","ast-site-content-layout":"default","site-content-style":"default","site-sidebar-style":"default","ast-global-header-display":"","ast-banner-title-visibility":"","ast-main-header-display":"","ast-hfb-above-header-display":"","ast-hfb-below-header-display":"","ast-hfb-mobile-header-display":"","site-post-title":"disabled","ast-breadcrumbs-content":"","ast-featured-img":"","footer-sml-layout":"","ast-disable-related-posts":"","theme-transparent-header-meta":"","adv-header-id-meta":"","stick-header-meta":"","header-above-stick-meta":"","header-main-stick-meta":"","header-below-stick-meta":"","astra-migrate-meta-layouts":"default","ast-page-background-enabled":"default","ast-page-background-meta":{"desktop":{"background-color":"var(--ast-global-color-4)","background-image":"","background-repeat":"repeat","background-position":"center center","background-size":"auto","background-attachment":"scroll","background-type":"","background-media":"","overlay-type":"","overlay-color":"","overlay-opacity":"","overlay-gradient":""},"tablet":{"background-color":"","background-image":"","background-repeat":"repeat","background-position":"center center","background-size":"auto","background-attachment":"scroll","background-type":"","background-media":"","overlay-type":"","overlay-color":"","overlay-opacity":"","overlay-gradient":""},"mobile":{"background-color":"","background-image":"","background-repeat":"repeat","background-position":"center center","background-size":"auto","background-attachment":"scroll","background-type":"","background-media":"","overlay-type":"","overlay-color":"","overlay-opacity":"","overlay-gradient":""}},"ast-content-background-meta":{"desktop":{"background-color":"var(--ast-global-color-5)","background-image":"","background-repeat":"repeat","background-position":"center center","background-size":"auto","background-attachment":"scroll","background-type":"","background-media":"","overlay-type":"","overlay-color":"","overlay-opacity":"","overlay-gradient":""},"tablet":{"background-color":"var(--ast-global-color-5)","background-image":"","background-repeat":"repeat","background-position":"center center","background-size":"auto","background-attachment":"scroll","background-type":"","background-media":"","overlay-type":"","overlay-color":"","overlay-opacity":"","overlay-gradient":""},"mobile":{"background-color":"var(--ast-global-color-5)","background-image":"","background-repeat":"repeat","background-position":"center center","background-size":"auto","background-attachment":"scroll","background-type":"","background-media":"","overlay-type":"","overlay-color":"","overlay-opacity":"","overlay-gradient":""}},"footnotes":""},"_links":{"self":[{"href":"https:\/\/ajuda.sei-calculos.com.br\/index.php?rest_route=\/wp\/v2\/pages\/378"}],"collection":[{"href":"https:\/\/ajuda.sei-calculos.com.br\/index.php?rest_route=\/wp\/v2\/pages"}],"about":[{"href":"https:\/\/ajuda.sei-calculos.com.br\/index.php?rest_route=\/wp\/v2\/types\/page"}],"author":[{"embeddable":true,"href":"https:\/\/ajuda.sei-calculos.com.br\/index.php?rest_route=\/wp\/v2\/users\/1"}],"replies":[{"embeddable":true,"href":"https:\/\/ajuda.sei-calculos.com.br\/index.php?rest_route=%2Fwp%2Fv2%2Fcomments&post=378"}],"version-history":[{"count":15,"href":"https:\/\/ajuda.sei-calculos.com.br\/index.php?rest_route=\/wp\/v2\/pages\/378\/revisions"}],"predecessor-version":[{"id":575,"href":"https:\/\/ajuda.sei-calculos.com.br\/index.php?rest_route=\/wp\/v2\/pages\/378\/revisions\/575"}],"wp:attachment":[{"href":"https:\/\/ajuda.sei-calculos.com.br\/index.php?rest_route=%2Fwp%2Fv2%2Fmedia&parent=378"}],"curies":[{"name":"wp","href":"https:\/\/api.w.org\/{rel}","templated":true}]}}