{"id":393,"date":"2025-09-22T16:29:57","date_gmt":"2025-09-22T19:29:57","guid":{"rendered":"https:\/\/ajuda.sei-calculos.com.br\/?page_id=393"},"modified":"2025-09-24T11:00:55","modified_gmt":"2025-09-24T14:00:55","slug":"dicas","status":"publish","type":"page","link":"https:\/\/ajuda.sei-calculos.com.br\/?page_id=393","title":{"rendered":"Dicas"},"content":{"rendered":"\n<div class=\"wp-block-cover alignfull has-parallax has-custom-content-position is-position-top-center\" style=\"border-style:none;border-width:0px;min-height:106px\"><span aria-hidden=\"true\" class=\"wp-block-cover__background has-background-dim-30 has-background-dim\"><\/span><div role=\"img\" class=\"wp-block-cover__image-background wp-image-477 has-parallax\" style=\"background-position:50% 50%;background-image:url(https:\/\/ajuda.sei-calculos.com.br\/wp-content\/uploads\/2025\/09\/fundo-coneccoes.jpg)\"><\/div><div class=\"wp-block-cover__inner-container is-layout-flow wp-block-cover-is-layout-flow\">\n<p class=\"has-text-align-center has-large-font-size\"><strong>Dicas<\/strong><\/p>\n\n\n\n<div class=\"wp-block-group has-small-font-size is-layout-constrained wp-block-group-is-layout-constrained\" style=\"border-style:none;border-width:0px;padding-top:var(--wp--preset--spacing--40);padding-right:var(--wp--preset--spacing--40);padding-bottom:var(--wp--preset--spacing--40);padding-left:var(--wp--preset--spacing--40)\">\n<div class=\"wp-block-columns is-layout-flex wp-container-core-columns-layout-1 wp-block-columns-is-layout-flex\">\n<div class=\"wp-block-column is-layout-flow wp-block-column-is-layout-flow\" style=\"flex-basis:100%\">\n<div class=\"wp-block-buttons is-content-justification-center is-layout-flex wp-container-core-buttons-layout-1 wp-block-buttons-is-layout-flex\">\n<div class=\"wp-block-button has-custom-width wp-block-button__width-100\"><a class=\"wp-block-button__link has-midnight-gradient-background has-background wp-element-button\" href=\"#atalhos\">Dia a Dia<\/a><\/div>\n\n\n\n<div class=\"wp-block-button has-custom-width wp-block-button__width-100\"><a class=\"wp-block-button__link has-midnight-gradient-background has-background wp-element-button\">Artigo 354 (Em Breve!)<\/a><\/div>\n\n\n\n<div class=\"wp-block-button has-custom-width wp-block-button__width-100\"><a class=\"wp-block-button__link has-midnight-gradient-background has-background wp-element-button\">Ferramentas (Em Breve!)<\/a><\/div>\n<\/div>\n<\/div>\n<\/div>\n<\/div>\n<\/div><\/div>\n\n\n\n<hr class=\"wp-block-separator has-text-color has-ast-global-color-0-color has-alpha-channel-opacity has-ast-global-color-0-background-color has-background is-style-wide\"\/>\n\n\n\n<h2 class=\"wp-block-heading\" id=\"atalhos\">Atalhos<\/h2>\n\n\n\n<p>Tecla <strong>TAB<\/strong> ou <strong>SHIFT <\/strong>+ <strong>TAB:<\/strong><\/p>\n\n\n\n<p>Avan\u00e7am entre os campos e bot\u00f5es. Ao pressionar a tecla TAB avan\u00e7ar\u00e1 para o pr\u00f3ximo campo\/bot\u00e3o. E com o SHIFT + TAB, voltar\u00e1 ao campo\/bot\u00e3o anterior.<\/p>\n\n\n\n<p>Setas para&nbsp;<strong>CIMA \u2b06<\/strong>&nbsp;ou para&nbsp;<strong>BAIXO \u2b07 :<\/strong><\/p>\n\n\n\n<p>Alternam entre as linhas no m\u00f3dulo de Conta Corrente.<\/p>\n\n\n\n<p><strong>SHIFT<\/strong> +&nbsp;<strong>SETA<\/strong>:<\/p>\n\n\n\n<p>Alternam entre as ocorr\u00eancias.<\/p>\n\n\n\n<p><strong>CTRL + F1<\/strong>:<\/p>\n\n\n\n<p>Adiciona um novo c\u00e1lculo.<\/p>\n\n\n\n<p><strong>CTRL + F2<\/strong>:<\/p>\n\n\n\n<p>Adiciona um novo autor.<\/p>\n\n\n\n<p><strong>CTRL + F3<\/strong>:<\/p>\n\n\n\n<p>Adiciona parcela antes da primeira ocorr\u00eancia. <em>(Observa\u00e7\u00e3o: Ao clicar em visualizar ou imprimir, o sistema ordena as parcelas de forma cronol\u00f3gica)<\/em><\/p>\n\n\n\n<figure class=\"wp-block-image size-large\"><img loading=\"lazy\" decoding=\"async\" width=\"1024\" height=\"225\" src=\"https:\/\/ajuda.sei-calculos.com.br\/wp-content\/uploads\/2025\/09\/mceclip1-1024x225.png\" alt=\"\" class=\"wp-image-394\" srcset=\"https:\/\/ajuda.sei-calculos.com.br\/wp-content\/uploads\/2025\/09\/mceclip1-1024x225.png 1024w, https:\/\/ajuda.sei-calculos.com.br\/wp-content\/uploads\/2025\/09\/mceclip1-300x66.png 300w, https:\/\/ajuda.sei-calculos.com.br\/wp-content\/uploads\/2025\/09\/mceclip1-768x169.png 768w, https:\/\/ajuda.sei-calculos.com.br\/wp-content\/uploads\/2025\/09\/mceclip1.png 1178w\" sizes=\"(max-width: 1024px) 100vw, 1024px\" \/><\/figure>\n\n\n\n<p><strong>CTRL + SHIFT + F3<\/strong>:<\/p>\n\n\n\n<p>Adicionar parcela ap\u00f3s a \u00faltima ocorr\u00eancia. <em>(Observa\u00e7\u00e3o: Ao clicar em visualizar ou imprimir, o sistema ordena as parcelas de forma cronol\u00f3gica)<\/em><\/p>\n\n\n\n<figure class=\"wp-block-image size-large\"><img loading=\"lazy\" decoding=\"async\" width=\"1024\" height=\"274\" src=\"https:\/\/ajuda.sei-calculos.com.br\/wp-content\/uploads\/2025\/09\/mceclip3-1024x274.png\" alt=\"\" class=\"wp-image-395\" srcset=\"https:\/\/ajuda.sei-calculos.com.br\/wp-content\/uploads\/2025\/09\/mceclip3-1024x274.png 1024w, https:\/\/ajuda.sei-calculos.com.br\/wp-content\/uploads\/2025\/09\/mceclip3-300x80.png 300w, https:\/\/ajuda.sei-calculos.com.br\/wp-content\/uploads\/2025\/09\/mceclip3-768x206.png 768w, https:\/\/ajuda.sei-calculos.com.br\/wp-content\/uploads\/2025\/09\/mceclip3.png 1169w\" sizes=\"(max-width: 1024px) 100vw, 1024px\" \/><\/figure>\n\n\n\n<p><strong>CTRL + F6<\/strong>:<\/p>\n\n\n\n<p>Adiciona pagamento antes da primeira ocorr\u00eancia. <em>(Observa\u00e7\u00e3o: Ao clicar em visualizar ou imprimir, o sistema ordena as parcelas de forma cronol\u00f3gica)<\/em><\/p>\n\n\n\n<p><strong>CTRL + SHIFT + F6<\/strong>.<\/p>\n\n\n\n<p>Adiciona pagamento ap\u00f3s a \u00faltima ocorr\u00eancia. <em>(Observa\u00e7\u00e3o: Ao clicar em visualizar ou imprimir, o sistema ordena as parcelas de forma cronol\u00f3gica)<\/em><\/p>\n\n\n\n<p><strong>CTRL + F7<\/strong>:<\/p>\n\n\n\n<p>Adiciona ocorr\u00eancia DIVERSO acima das ocorr\u00eancias. <em>(Observa\u00e7\u00e3o: Ao clicar em visualizar ou imprimir, o sistema ordena as parcelas de forma cronol\u00f3gica)<\/em><\/p>\n\n\n\n<p><strong>CTRL + SHIFT + F7<\/strong>:<\/p>\n\n\n\n<p>Adiciona uma Despesa (no painel das despesas).<\/p>\n\n\n\n<figure class=\"wp-block-image size-large\"><img loading=\"lazy\" decoding=\"async\" width=\"1024\" height=\"395\" src=\"https:\/\/ajuda.sei-calculos.com.br\/wp-content\/uploads\/2025\/09\/mceclip0-1024x395.png\" alt=\"\" class=\"wp-image-396\" srcset=\"https:\/\/ajuda.sei-calculos.com.br\/wp-content\/uploads\/2025\/09\/mceclip0-1024x395.png 1024w, https:\/\/ajuda.sei-calculos.com.br\/wp-content\/uploads\/2025\/09\/mceclip0-300x116.png 300w, https:\/\/ajuda.sei-calculos.com.br\/wp-content\/uploads\/2025\/09\/mceclip0-768x296.png 768w, https:\/\/ajuda.sei-calculos.com.br\/wp-content\/uploads\/2025\/09\/mceclip0.png 1184w\" sizes=\"(max-width: 1024px) 100vw, 1024px\" \/><\/figure>\n\n\n\n<p><strong>CTRL + F8<\/strong>:<\/p>\n\n\n\n<p>Adiciona ocorr\u00eancia de Honor\u00e1rios.<\/p>\n\n\n\n<p><strong>CTRL + F10<\/strong>:<\/p>\n\n\n\n<p>Abre a tela de impress\u00e3o.<\/p>\n\n\n\n<p><strong>CTRL + F11<\/strong>:<\/p>\n\n\n\n<p>Visualiza\u00e7\u00e3o da impress\u00e3o.<\/p>\n\n\n\n<p><strong>CTRL:<\/strong><\/p>\n\n\n\n<p>Ao pressionar CTRL e clicar sobre um bot\u00e3o de Exclus\u00e3o, o sistema efetua a exclus\u00e3o do item sem solicitar a confirma\u00e7\u00e3o, agilizando a exclus\u00e3o do item desejado.<\/p>\n\n\n\n<p><strong>ENTER:<\/strong><\/p>\n\n\n\n<ul>\n<li><\/li>\n<\/ul>\n\n\n\n<ul>\n<li>Se o cursor estiver em um campo de Texto, ao pressionar o Enter o cursor passar\u00e1 para o pr\u00f3ximo campo ou bot\u00e3o.<\/li>\n\n\n\n<li>Se o foco estiver sobre um campo do tipo lista, ao pressionar o Enter a lista de op\u00e7\u00f5es desse campo ser\u00e1 aberta.<\/li>\n<\/ul>\n","protected":false},"excerpt":{"rendered":"<p>Atalhos Tecla TAB ou SHIFT + TAB: Avan\u00e7am entre os campos e bot\u00f5es. Ao pressionar a tecla TAB avan\u00e7ar\u00e1 para o pr\u00f3ximo campo\/bot\u00e3o. E com o SHIFT + TAB, voltar\u00e1 ao campo\/bot\u00e3o anterior. Setas para&nbsp;CIMA \u2b06&nbsp;ou para&nbsp;BAIXO \u2b07 : Alternam entre as linhas no m\u00f3dulo de Conta Corrente. SHIFT +&nbsp;SETA: Alternam entre as ocorr\u00eancias. CTRL [&hellip;]<\/p>\n","protected":false},"author":1,"featured_media":0,"parent":0,"menu_order":0,"comment_status":"closed","ping_status":"closed","template":"","meta":{"site-sidebar-layout":"default","site-content-layout":"","ast-site-content-layout":"default","site-content-style":"default","site-sidebar-style":"default","ast-global-header-display":"","ast-banner-title-visibility":"","ast-main-header-display":"","ast-hfb-above-header-display":"","ast-hfb-below-header-display":"","ast-hfb-mobile-header-display":"","site-post-title":"disabled","ast-breadcrumbs-content":"","ast-featured-img":"","footer-sml-layout":"","ast-disable-related-posts":"","theme-transparent-header-meta":"","adv-header-id-meta":"","stick-header-meta":"","header-above-stick-meta":"","header-main-stick-meta":"","header-below-stick-meta":"","astra-migrate-meta-layouts":"default","ast-page-background-enabled":"default","ast-page-background-meta":{"desktop":{"background-color":"var(--ast-global-color-4)","background-image":"","background-repeat":"repeat","background-position":"center center","background-size":"auto","background-attachment":"scroll","background-type":"","background-media":"","overlay-type":"","overlay-color":"","overlay-opacity":"","overlay-gradient":""},"tablet":{"background-color":"","background-image":"","background-repeat":"repeat","background-position":"center center","background-size":"auto","background-attachment":"scroll","background-type":"","background-media":"","overlay-type":"","overlay-color":"","overlay-opacity":"","overlay-gradient":""},"mobile":{"background-color":"","background-image":"","background-repeat":"repeat","background-position":"center center","background-size":"auto","background-attachment":"scroll","background-type":"","background-media":"","overlay-type":"","overlay-color":"","overlay-opacity":"","overlay-gradient":""}},"ast-content-background-meta":{"desktop":{"background-color":"var(--ast-global-color-5)","background-image":"","background-repeat":"repeat","background-position":"center center","background-size":"auto","background-attachment":"scroll","background-type":"","background-media":"","overlay-type":"","overlay-color":"","overlay-opacity":"","overlay-gradient":""},"tablet":{"background-color":"var(--ast-global-color-5)","background-image":"","background-repeat":"repeat","background-position":"center center","background-size":"auto","background-attachment":"scroll","background-type":"","background-media":"","overlay-type":"","overlay-color":"","overlay-opacity":"","overlay-gradient":""},"mobile":{"background-color":"var(--ast-global-color-5)","background-image":"","background-repeat":"repeat","background-position":"center center","background-size":"auto","background-attachment":"scroll","background-type":"","background-media":"","overlay-type":"","overlay-color":"","overlay-opacity":"","overlay-gradient":""}},"footnotes":""},"_links":{"self":[{"href":"https:\/\/ajuda.sei-calculos.com.br\/index.php?rest_route=\/wp\/v2\/pages\/393"}],"collection":[{"href":"https:\/\/ajuda.sei-calculos.com.br\/index.php?rest_route=\/wp\/v2\/pages"}],"about":[{"href":"https:\/\/ajuda.sei-calculos.com.br\/index.php?rest_route=\/wp\/v2\/types\/page"}],"author":[{"embeddable":true,"href":"https:\/\/ajuda.sei-calculos.com.br\/index.php?rest_route=\/wp\/v2\/users\/1"}],"replies":[{"embeddable":true,"href":"https:\/\/ajuda.sei-calculos.com.br\/index.php?rest_route=%2Fwp%2Fv2%2Fcomments&post=393"}],"version-history":[{"count":5,"href":"https:\/\/ajuda.sei-calculos.com.br\/index.php?rest_route=\/wp\/v2\/pages\/393\/revisions"}],"predecessor-version":[{"id":505,"href":"https:\/\/ajuda.sei-calculos.com.br\/index.php?rest_route=\/wp\/v2\/pages\/393\/revisions\/505"}],"wp:attachment":[{"href":"https:\/\/ajuda.sei-calculos.com.br\/index.php?rest_route=%2Fwp%2Fv2%2Fmedia&parent=393"}],"curies":[{"name":"wp","href":"https:\/\/api.w.org\/{rel}","templated":true}]}}