{"id":536,"date":"2025-09-24T16:46:37","date_gmt":"2025-09-24T19:46:37","guid":{"rendered":"https:\/\/ajuda.sei-calculos.com.br\/?page_id=536"},"modified":"2025-09-24T17:21:42","modified_gmt":"2025-09-24T20:21:42","slug":"usuarios","status":"publish","type":"page","link":"https:\/\/ajuda.sei-calculos.com.br\/?page_id=536","title":{"rendered":"Usu\u00e1rios"},"content":{"rendered":"\n<div class=\"wp-block-cover alignfull has-parallax has-custom-content-position is-position-top-center\" style=\"border-style:none;border-width:0px;min-height:106px\"><span aria-hidden=\"true\" class=\"wp-block-cover__background has-background-dim-30 has-background-dim\"><\/span><div role=\"img\" class=\"wp-block-cover__image-background wp-image-477 has-parallax\" style=\"background-position:50% 50%;background-image:url(https:\/\/ajuda.sei-calculos.com.br\/wp-content\/uploads\/2025\/09\/fundo-coneccoes.jpg)\"><\/div><div class=\"wp-block-cover__inner-container is-layout-flow wp-block-cover-is-layout-flow\">\n<p class=\"has-text-align-center has-large-font-size\"><strong>Usu\u00e1rios<\/strong><\/p>\n\n\n\n<div class=\"wp-block-group has-small-font-size is-layout-constrained wp-block-group-is-layout-constrained\" style=\"border-style:none;border-width:0px;padding-top:var(--wp--preset--spacing--40);padding-right:var(--wp--preset--spacing--40);padding-bottom:var(--wp--preset--spacing--40);padding-left:var(--wp--preset--spacing--40)\">\n<div class=\"wp-block-columns is-layout-flex wp-container-core-columns-layout-1 wp-block-columns-is-layout-flex\">\n<div class=\"wp-block-column is-layout-flow wp-block-column-is-layout-flow\" style=\"flex-basis:100%\">\n<div class=\"wp-block-buttons is-content-justification-center is-layout-flex wp-container-core-buttons-layout-1 wp-block-buttons-is-layout-flex\">\n<div class=\"wp-block-button has-custom-width wp-block-button__width-100\"><a class=\"wp-block-button__link has-midnight-gradient-background has-background wp-element-button\" href=\"#gerusuarios\">Gerenciando Usu\u00e1rios<\/a><\/div>\n\n\n\n<div class=\"wp-block-button has-custom-width wp-block-button__width-100\"><a class=\"wp-block-button__link has-midnight-gradient-background has-background wp-element-button\" href=\"#altsenha\">Alterando Senha<\/a><\/div>\n<\/div>\n<\/div>\n<\/div>\n<\/div>\n<\/div><\/div>\n\n\n\n<hr class=\"wp-block-separator has-text-color has-ast-global-color-0-color has-alpha-channel-opacity has-ast-global-color-0-background-color has-background is-style-wide\"\/>\n\n\n\n<h2 class=\"wp-block-heading\" id=\"gerusuarios\">Gerenciando Usu\u00e1rios<\/h2>\n\n\n\n<p>Para gerenciar as suas licen\u00e7as adicionais do SEI-C\u00e1lculos, adicionando, alterando ou excluindo usu\u00e1rios, clique na op\u00e7\u00e3o Gerenciar usu\u00e1rios, que fica no menu lateral:<\/p>\n\n\n\n<figure class=\"wp-block-image aligncenter size-large\"><img loading=\"lazy\" decoding=\"async\" width=\"1024\" height=\"459\" src=\"https:\/\/ajuda.sei-calculos.com.br\/wp-content\/uploads\/2025\/09\/mceclip1-8-1024x459.png\" alt=\"\" class=\"wp-image-537\" srcset=\"https:\/\/ajuda.sei-calculos.com.br\/wp-content\/uploads\/2025\/09\/mceclip1-8-1024x459.png 1024w, https:\/\/ajuda.sei-calculos.com.br\/wp-content\/uploads\/2025\/09\/mceclip1-8-300x134.png 300w, https:\/\/ajuda.sei-calculos.com.br\/wp-content\/uploads\/2025\/09\/mceclip1-8-768x344.png 768w, https:\/\/ajuda.sei-calculos.com.br\/wp-content\/uploads\/2025\/09\/mceclip1-8.png 1386w\" sizes=\"(max-width: 1024px) 100vw, 1024px\" \/><\/figure>\n\n\n\n<p>Na tela de gest\u00e3o de usu\u00e1rios, voc\u00ea ver\u00e1 todas as suas licen\u00e7as e os dados dos usu\u00e1rios que estiverem associados \u00e0 cada licen\u00e7a:<\/p>\n\n\n\n<figure class=\"wp-block-image aligncenter size-large\"><img loading=\"lazy\" decoding=\"async\" width=\"1024\" height=\"288\" src=\"https:\/\/ajuda.sei-calculos.com.br\/wp-content\/uploads\/2025\/09\/mceclip2-6-1024x288.png\" alt=\"\" class=\"wp-image-538\" srcset=\"https:\/\/ajuda.sei-calculos.com.br\/wp-content\/uploads\/2025\/09\/mceclip2-6-1024x288.png 1024w, https:\/\/ajuda.sei-calculos.com.br\/wp-content\/uploads\/2025\/09\/mceclip2-6-300x84.png 300w, https:\/\/ajuda.sei-calculos.com.br\/wp-content\/uploads\/2025\/09\/mceclip2-6-768x216.png 768w, https:\/\/ajuda.sei-calculos.com.br\/wp-content\/uploads\/2025\/09\/mceclip2-6.png 1420w\" sizes=\"(max-width: 1024px) 100vw, 1024px\" \/><\/figure>\n\n\n\n<p>Para relacionar o usu\u00e1rio a uma licen\u00e7a, clique no bot\u00e3o adicionar:<\/p>\n\n\n\n<figure class=\"wp-block-image aligncenter\"><img loading=\"lazy\" decoding=\"async\" width=\"45\" height=\"47\" src=\"https:\/\/ajuda.sei-calculos.com.br\/wp-content\/uploads\/2025\/09\/image-11.png\" alt=\"\" class=\"wp-image-547\"\/><\/figure>\n\n\n\n<p>e preencha os dados na tela Novo Usu\u00e1rio:<\/p>\n\n\n\n<figure class=\"wp-block-image aligncenter size-full is-resized\"><img loading=\"lazy\" decoding=\"async\" width=\"585\" height=\"508\" src=\"https:\/\/ajuda.sei-calculos.com.br\/wp-content\/uploads\/2025\/09\/mceclip4-2.png\" alt=\"\" class=\"wp-image-539\" style=\"width:470px;height:auto\" srcset=\"https:\/\/ajuda.sei-calculos.com.br\/wp-content\/uploads\/2025\/09\/mceclip4-2.png 585w, https:\/\/ajuda.sei-calculos.com.br\/wp-content\/uploads\/2025\/09\/mceclip4-2-300x261.png 300w\" sizes=\"(max-width: 585px) 100vw, 585px\" \/><\/figure>\n\n\n\n<p>Ap\u00f3s preencher os dados, clique no bot\u00e3o adicionar, na parte inferior da tela e selecione os centros de custos que ser\u00e3o liberados para esse usu\u00e1rio e o perfil:<\/p>\n\n\n\n<figure class=\"wp-block-image aligncenter size-full is-resized\"><img loading=\"lazy\" decoding=\"async\" width=\"591\" height=\"519\" src=\"https:\/\/ajuda.sei-calculos.com.br\/wp-content\/uploads\/2025\/09\/mceclip5-2.png\" alt=\"\" class=\"wp-image-540\" style=\"width:427px;height:auto\" srcset=\"https:\/\/ajuda.sei-calculos.com.br\/wp-content\/uploads\/2025\/09\/mceclip5-2.png 591w, https:\/\/ajuda.sei-calculos.com.br\/wp-content\/uploads\/2025\/09\/mceclip5-2-300x263.png 300w\" sizes=\"(max-width: 591px) 100vw, 591px\" \/><\/figure>\n\n\n\n<p>Agora clique no bot\u00e3o confirmar:<\/p>\n\n\n\n<figure class=\"wp-block-image aligncenter size-full is-resized\"><img loading=\"lazy\" decoding=\"async\" width=\"331\" height=\"241\" src=\"https:\/\/ajuda.sei-calculos.com.br\/wp-content\/uploads\/2025\/09\/mceclip6-2.png\" alt=\"\" class=\"wp-image-541\" style=\"width:284px;height:auto\" srcset=\"https:\/\/ajuda.sei-calculos.com.br\/wp-content\/uploads\/2025\/09\/mceclip6-2.png 331w, https:\/\/ajuda.sei-calculos.com.br\/wp-content\/uploads\/2025\/09\/mceclip6-2-300x218.png 300w\" sizes=\"(max-width: 331px) 100vw, 331px\" \/><\/figure>\n\n\n\n<p>IMPORTANTE: Visando a seguran\u00e7a dos dados, \u00e9 importante criar senhas fortes que contenham as caracter\u00edsticas abaixo, ou solicitar ao usu\u00e1rio que altere a sua senha no primeiro uso.<\/p>\n\n\n\n<ul style=\"padding-top:0;padding-right:var(--wp--preset--spacing--60);padding-bottom:0;padding-left:var(--wp--preset--spacing--60)\">\n<li>Mais de 12 caracteres.<\/li>\n\n\n\n<li>Letras Mai\u00fasculas.<\/li>\n\n\n\n<li>Letras Min\u00fasculas.<\/li>\n\n\n\n<li>Caracteres especiais.<\/li>\n\n\n\n<li>N\u00fameros.<\/li>\n<\/ul>\n\n\n\n<div class=\"wp-block-buttons is-layout-flex wp-block-buttons-is-layout-flex\">\n<div class=\"wp-block-button has-custom-width wp-block-button__width-100\"><a class=\"wp-block-button__link wp-element-button\" href=\"https:\/\/ajuda.sei-calculos.com.br\/?page_id=378#gerusuarios\">V\u00cdDEO<\/a><\/div>\n<\/div>\n\n\n\n<hr class=\"wp-block-separator has-text-color has-ast-global-color-0-color has-alpha-channel-opacity has-ast-global-color-0-background-color has-background is-style-wide\"\/>\n\n\n\n<h2 class=\"wp-block-heading\" id=\"altsenha\">Alterando senha do usu\u00e1rio<\/h2>\n\n\n\n<p>Para iniciar a recupera\u00e7\u00e3o de senha, acesse a tela de login do sistema e clique no link <strong>\u201cEsqueceu sua senha?\u201d<\/strong> localizado abaixo do bot\u00e3o <strong>Entrar<\/strong>.&nbsp;<\/p>\n\n\n\n<figure class=\"wp-block-image aligncenter size-full is-resized\"><img loading=\"lazy\" decoding=\"async\" width=\"394\" height=\"420\" src=\"https:\/\/ajuda.sei-calculos.com.br\/wp-content\/uploads\/2025\/09\/image-6.png\" alt=\"\" class=\"wp-image-542\" style=\"width:345px;height:auto\" srcset=\"https:\/\/ajuda.sei-calculos.com.br\/wp-content\/uploads\/2025\/09\/image-6.png 394w, https:\/\/ajuda.sei-calculos.com.br\/wp-content\/uploads\/2025\/09\/image-6-281x300.png 281w\" sizes=\"(max-width: 394px) 100vw, 394px\" \/><\/figure>\n\n\n\n<p>Digite o seu <strong>endere\u00e7o de e-mail<\/strong> cadastrado no campo indicado e depois clique no bot\u00e3o <strong>Enviar<\/strong>.&nbsp;<br>Voc\u00ea receber\u00e1 em seu e-mail uma mensagem com o link para redefinir sua senha.&nbsp;<\/p>\n\n\n\n<figure class=\"wp-block-image aligncenter size-full\"><img loading=\"lazy\" decoding=\"async\" width=\"394\" height=\"276\" src=\"https:\/\/ajuda.sei-calculos.com.br\/wp-content\/uploads\/2025\/09\/image-7.png\" alt=\"\" class=\"wp-image-543\" srcset=\"https:\/\/ajuda.sei-calculos.com.br\/wp-content\/uploads\/2025\/09\/image-7.png 394w, https:\/\/ajuda.sei-calculos.com.br\/wp-content\/uploads\/2025\/09\/image-7-300x210.png 300w\" sizes=\"(max-width: 394px) 100vw, 394px\" \/><\/figure>\n\n\n\n<figure class=\"wp-block-image aligncenter size-full is-resized\"><img loading=\"lazy\" decoding=\"async\" width=\"620\" height=\"92\" src=\"https:\/\/ajuda.sei-calculos.com.br\/wp-content\/uploads\/2025\/09\/image-8.png\" alt=\"\" class=\"wp-image-544\" style=\"width:908px;height:auto\" srcset=\"https:\/\/ajuda.sei-calculos.com.br\/wp-content\/uploads\/2025\/09\/image-8.png 620w, https:\/\/ajuda.sei-calculos.com.br\/wp-content\/uploads\/2025\/09\/image-8-300x45.png 300w\" sizes=\"(max-width: 620px) 100vw, 620px\" \/><\/figure>\n\n\n\n<p>Verifique sua caixa de entrada. Voc\u00ea receber\u00e1 um e-mail com o assunto <strong>\u201c[SEI Inform\u00e1tica] Recupera\u00e7\u00e3o de senha\u201d<\/strong> enviado pelo <strong>SEI C\u00e1lculos<\/strong>.&nbsp;<\/p>\n\n\n\n<figure class=\"wp-block-image aligncenter size-full is-resized\"><img loading=\"lazy\" decoding=\"async\" width=\"432\" height=\"284\" src=\"https:\/\/ajuda.sei-calculos.com.br\/wp-content\/uploads\/2025\/09\/image-9.png\" alt=\"\" class=\"wp-image-545\" style=\"width:532px;height:auto\" srcset=\"https:\/\/ajuda.sei-calculos.com.br\/wp-content\/uploads\/2025\/09\/image-9.png 432w, https:\/\/ajuda.sei-calculos.com.br\/wp-content\/uploads\/2025\/09\/image-9-300x197.png 300w\" sizes=\"(max-width: 432px) 100vw, 432px\" \/><\/figure>\n\n\n\n<p>Abra o e-mail recebido e clique no link <strong>\u201cResetar minha senha\u201d<\/strong>.&nbsp;<br>Esse link ir\u00e1 direcionar voc\u00ea para a p\u00e1gina de cria\u00e7\u00e3o de uma nova senha.&nbsp;<\/p>\n\n\n\n<figure class=\"wp-block-image aligncenter size-full\"><img loading=\"lazy\" decoding=\"async\" width=\"390\" height=\"290\" src=\"https:\/\/ajuda.sei-calculos.com.br\/wp-content\/uploads\/2025\/09\/image-10.png\" alt=\"\" class=\"wp-image-546\" srcset=\"https:\/\/ajuda.sei-calculos.com.br\/wp-content\/uploads\/2025\/09\/image-10.png 390w, https:\/\/ajuda.sei-calculos.com.br\/wp-content\/uploads\/2025\/09\/image-10-300x223.png 300w\" sizes=\"(max-width: 390px) 100vw, 390px\" \/><\/figure>\n\n\n\n<ol start=\"1\">\n<li>1) Digite sua <strong>nova senha<\/strong> no primeiro campo.&nbsp;<\/li>\n<\/ol>\n\n\n\n<ol start=\"2\">\n<li>2) Confirme a senha digitando novamente no segundo campo.&nbsp;<\/li>\n<\/ol>\n\n\n\n<ol start=\"3\">\n<li>3) Clique em <strong>Atualizar Senha<\/strong> para concluir a redefini\u00e7\u00e3o.&nbsp;<\/li>\n<\/ol>\n\n\n\n<p>Pronto! Sua senha foi atualizada com sucesso e voc\u00ea j\u00e1 pode acessar o sistema com as novas credenciais.&nbsp;<\/p>\n","protected":false},"excerpt":{"rendered":"<p>Gerenciando Usu\u00e1rios Para gerenciar as suas licen\u00e7as adicionais do SEI-C\u00e1lculos, adicionando, alterando ou excluindo usu\u00e1rios, clique na op\u00e7\u00e3o Gerenciar usu\u00e1rios, que fica no menu lateral: Na tela de gest\u00e3o de usu\u00e1rios, voc\u00ea ver\u00e1 todas as suas licen\u00e7as e os dados dos usu\u00e1rios que estiverem associados \u00e0 cada licen\u00e7a: Para relacionar o usu\u00e1rio a uma licen\u00e7a, [&hellip;]<\/p>\n","protected":false},"author":1,"featured_media":0,"parent":0,"menu_order":0,"comment_status":"closed","ping_status":"closed","template":"","meta":{"site-sidebar-layout":"default","site-content-layout":"","ast-site-content-layout":"default","site-content-style":"default","site-sidebar-style":"default","ast-global-header-display":"","ast-banner-title-visibility":"","ast-main-header-display":"","ast-hfb-above-header-display":"","ast-hfb-below-header-display":"","ast-hfb-mobile-header-display":"","site-post-title":"disabled","ast-breadcrumbs-content":"","ast-featured-img":"","footer-sml-layout":"","ast-disable-related-posts":"","theme-transparent-header-meta":"","adv-header-id-meta":"","stick-header-meta":"","header-above-stick-meta":"","header-main-stick-meta":"","header-below-stick-meta":"","astra-migrate-meta-layouts":"default","ast-page-background-enabled":"default","ast-page-background-meta":{"desktop":{"background-color":"var(--ast-global-color-4)","background-image":"","background-repeat":"repeat","background-position":"center center","background-size":"auto","background-attachment":"scroll","background-type":"","background-media":"","overlay-type":"","overlay-color":"","overlay-opacity":"","overlay-gradient":""},"tablet":{"background-color":"","background-image":"","background-repeat":"repeat","background-position":"center center","background-size":"auto","background-attachment":"scroll","background-type":"","background-media":"","overlay-type":"","overlay-color":"","overlay-opacity":"","overlay-gradient":""},"mobile":{"background-color":"","background-image":"","background-repeat":"repeat","background-position":"center center","background-size":"auto","background-attachment":"scroll","background-type":"","background-media":"","overlay-type":"","overlay-color":"","overlay-opacity":"","overlay-gradient":""}},"ast-content-background-meta":{"desktop":{"background-color":"var(--ast-global-color-5)","background-image":"","background-repeat":"repeat","background-position":"center center","background-size":"auto","background-attachment":"scroll","background-type":"","background-media":"","overlay-type":"","overlay-color":"","overlay-opacity":"","overlay-gradient":""},"tablet":{"background-color":"var(--ast-global-color-5)","background-image":"","background-repeat":"repeat","background-position":"center center","background-size":"auto","background-attachment":"scroll","background-type":"","background-media":"","overlay-type":"","overlay-color":"","overlay-opacity":"","overlay-gradient":""},"mobile":{"background-color":"var(--ast-global-color-5)","background-image":"","background-repeat":"repeat","background-position":"center center","background-size":"auto","background-attachment":"scroll","background-type":"","background-media":"","overlay-type":"","overlay-color":"","overlay-opacity":"","overlay-gradient":""}},"footnotes":""},"_links":{"self":[{"href":"https:\/\/ajuda.sei-calculos.com.br\/index.php?rest_route=\/wp\/v2\/pages\/536"}],"collection":[{"href":"https:\/\/ajuda.sei-calculos.com.br\/index.php?rest_route=\/wp\/v2\/pages"}],"about":[{"href":"https:\/\/ajuda.sei-calculos.com.br\/index.php?rest_route=\/wp\/v2\/types\/page"}],"author":[{"embeddable":true,"href":"https:\/\/ajuda.sei-calculos.com.br\/index.php?rest_route=\/wp\/v2\/users\/1"}],"replies":[{"embeddable":true,"href":"https:\/\/ajuda.sei-calculos.com.br\/index.php?rest_route=%2Fwp%2Fv2%2Fcomments&post=536"}],"version-history":[{"count":4,"href":"https:\/\/ajuda.sei-calculos.com.br\/index.php?rest_route=\/wp\/v2\/pages\/536\/revisions"}],"predecessor-version":[{"id":572,"href":"https:\/\/ajuda.sei-calculos.com.br\/index.php?rest_route=\/wp\/v2\/pages\/536\/revisions\/572"}],"wp:attachment":[{"href":"https:\/\/ajuda.sei-calculos.com.br\/index.php?rest_route=%2Fwp%2Fv2%2Fmedia&parent=536"}],"curies":[{"name":"wp","href":"https:\/\/api.w.org\/{rel}","templated":true}]}}