{"id":552,"date":"2025-09-24T17:00:10","date_gmt":"2025-09-24T20:00:10","guid":{"rendered":"https:\/\/ajuda.sei-calculos.com.br\/?page_id=552"},"modified":"2025-09-24T17:10:36","modified_gmt":"2025-09-24T20:10:36","slug":"personalizacoes","status":"publish","type":"page","link":"https:\/\/ajuda.sei-calculos.com.br\/?page_id=552","title":{"rendered":"Personaliza\u00e7\u00f5es"},"content":{"rendered":"\n<div class=\"wp-block-cover alignfull has-parallax has-custom-content-position is-position-top-center\" style=\"border-style:none;border-width:0px;min-height:106px\"><span aria-hidden=\"true\" class=\"wp-block-cover__background has-background-dim-30 has-background-dim\"><\/span><div role=\"img\" class=\"wp-block-cover__image-background wp-image-477 has-parallax\" style=\"background-position:50% 50%;background-image:url(https:\/\/ajuda.sei-calculos.com.br\/wp-content\/uploads\/2025\/09\/fundo-coneccoes.jpg)\"><\/div><div class=\"wp-block-cover__inner-container is-layout-flow wp-block-cover-is-layout-flow\">\n<p class=\"has-text-align-center has-large-font-size\"><strong>Personaliza\u00e7\u00f5es<\/strong><\/p>\n\n\n\n<div class=\"wp-block-group has-small-font-size is-layout-constrained wp-block-group-is-layout-constrained\" style=\"border-style:none;border-width:0px;padding-top:var(--wp--preset--spacing--40);padding-right:var(--wp--preset--spacing--40);padding-bottom:var(--wp--preset--spacing--40);padding-left:var(--wp--preset--spacing--40)\">\n<div class=\"wp-block-columns is-layout-flex wp-container-core-columns-layout-1 wp-block-columns-is-layout-flex\">\n<div class=\"wp-block-column is-layout-flow wp-block-column-is-layout-flow\" style=\"flex-basis:100%\">\n<div class=\"wp-block-buttons is-content-justification-center is-layout-flex wp-container-core-buttons-layout-1 wp-block-buttons-is-layout-flex\">\n<div class=\"wp-block-button has-custom-width wp-block-button__width-100\"><a class=\"wp-block-button__link has-midnight-gradient-background has-background wp-element-button\" href=\"#centrocusto\">Centro de Custo<\/a><\/div>\n\n\n\n<div class=\"wp-block-button has-custom-width wp-block-button__width-100\"><a class=\"wp-block-button__link has-midnight-gradient-background has-background wp-element-button\" href=\"#nomenclaturas\">Nomenclaturas<\/a><\/div>\n<\/div>\n<\/div>\n<\/div>\n<\/div>\n<\/div><\/div>\n\n\n\n<hr class=\"wp-block-separator has-text-color has-ast-global-color-0-color has-alpha-channel-opacity has-ast-global-color-0-background-color has-background is-style-wide\"\/>\n\n\n\n<h2 class=\"wp-block-heading\" id=\"centrocusto\">Centro de Custo<\/h2>\n\n\n\n<p>O Centro de Custo pode ser selecionado apenas entre aqueles liberados para o usu\u00e1rio logado. Caso necessite acesso a mais ou menos Centros de Custo, entre em contato com o administrador do sistema, que \u00e9 respons\u00e1vel por gerenciar essas permiss\u00f5es.<\/p>\n\n\n\n<p>Cada Centro de Custo possui configura\u00e7\u00f5es pr\u00f3prias, incluindo a nomenclatura dos termos utilizados no c\u00e1lculo. Isso permite, por exemplo, agrupar os c\u00e1lculos por categorias, como Cobran\u00e7as, Vara de Fam\u00edlia, Execu\u00e7\u00f5es, entre outras.<\/p>\n\n\n\n<p>Al\u00e9m disso, como cada Centro de Custo tem sua pr\u00f3pria nomenclatura para os campos, \u00e9 poss\u00edvel personalizar termos como Autor e R\u00e9u para Credor e Devedor, entre outros. Dessa forma, o Centro de Custo se torna um grande aliado na organiza\u00e7\u00e3o dos seus c\u00e1lculos.<\/p>\n\n\n\n<p><strong>Adicionando Centro de Custo<\/strong><\/p>\n\n\n\n<p>No menu <strong>Administra\u00e7\u00e3o<\/strong>, clique em <strong>Centro de Custos<\/strong>:<\/p>\n\n\n\n<figure class=\"wp-block-image aligncenter size-large is-resized\"><img loading=\"lazy\" decoding=\"async\" width=\"1024\" height=\"461\" src=\"https:\/\/ajuda.sei-calculos.com.br\/wp-content\/uploads\/2025\/09\/mceclip0-11-1024x461.png\" alt=\"\" class=\"wp-image-554\" style=\"width:908px;height:auto\" srcset=\"https:\/\/ajuda.sei-calculos.com.br\/wp-content\/uploads\/2025\/09\/mceclip0-11-1024x461.png 1024w, https:\/\/ajuda.sei-calculos.com.br\/wp-content\/uploads\/2025\/09\/mceclip0-11-300x135.png 300w, https:\/\/ajuda.sei-calculos.com.br\/wp-content\/uploads\/2025\/09\/mceclip0-11-768x345.png 768w, https:\/\/ajuda.sei-calculos.com.br\/wp-content\/uploads\/2025\/09\/mceclip0-11.png 1376w\" sizes=\"(max-width: 1024px) 100vw, 1024px\" \/><\/figure>\n\n\n\n<p>Clique no bot\u00e3o Adicionar:<\/p>\n\n\n\n<figure class=\"wp-block-image aligncenter size-large is-resized\"><img loading=\"lazy\" decoding=\"async\" width=\"1024\" height=\"250\" src=\"https:\/\/ajuda.sei-calculos.com.br\/wp-content\/uploads\/2025\/09\/mceclip1-9-1024x250.png\" alt=\"\" class=\"wp-image-555\" style=\"width:795px;height:auto\" srcset=\"https:\/\/ajuda.sei-calculos.com.br\/wp-content\/uploads\/2025\/09\/mceclip1-9-1024x250.png 1024w, https:\/\/ajuda.sei-calculos.com.br\/wp-content\/uploads\/2025\/09\/mceclip1-9-300x73.png 300w, https:\/\/ajuda.sei-calculos.com.br\/wp-content\/uploads\/2025\/09\/mceclip1-9-768x187.png 768w, https:\/\/ajuda.sei-calculos.com.br\/wp-content\/uploads\/2025\/09\/mceclip1-9.png 1030w\" sizes=\"(max-width: 1024px) 100vw, 1024px\" \/><\/figure>\n\n\n\n<p>Digite o nome desejado(1) para o Centro de Custo e clique no bot\u00e3o confirmar(2).<\/p>\n\n\n\n<figure class=\"wp-block-image aligncenter size-full is-resized\"><img loading=\"lazy\" decoding=\"async\" width=\"709\" height=\"178\" src=\"https:\/\/ajuda.sei-calculos.com.br\/wp-content\/uploads\/2025\/09\/mceclip2-7.png\" alt=\"\" class=\"wp-image-556\" style=\"width:590px;height:auto\" srcset=\"https:\/\/ajuda.sei-calculos.com.br\/wp-content\/uploads\/2025\/09\/mceclip2-7.png 709w, https:\/\/ajuda.sei-calculos.com.br\/wp-content\/uploads\/2025\/09\/mceclip2-7-300x75.png 300w\" sizes=\"(max-width: 709px) 100vw, 709px\" \/><\/figure>\n\n\n\n<hr class=\"wp-block-separator has-text-color has-ast-global-color-0-color has-alpha-channel-opacity has-ast-global-color-0-background-color has-background is-style-wide\"\/>\n\n\n\n<h2 class=\"wp-block-heading\" id=\"nomenclaturas\">Nomenclaturas<\/h2>\n\n\n\n<p>\u00c9 poss\u00edvel alterar os principais termos utilizados nos campos dos c\u00e1lculos, como Autor, R\u00e9u, Autos, Corre\u00e7\u00e3o, Multa, Juros, entre outros. Para personalizar os termos, no menu lateral Administra\u00e7\u00e3o, clique em\u00a0<strong>Nomenclatura<\/strong>:<\/p>\n\n\n\n<figure class=\"wp-block-image aligncenter size-large is-resized\"><img loading=\"lazy\" decoding=\"async\" width=\"1024\" height=\"447\" src=\"https:\/\/ajuda.sei-calculos.com.br\/wp-content\/uploads\/2025\/09\/mceclip0-12-1024x447.png\" alt=\"\" class=\"wp-image-557\" style=\"width:891px;height:auto\" srcset=\"https:\/\/ajuda.sei-calculos.com.br\/wp-content\/uploads\/2025\/09\/mceclip0-12-1024x447.png 1024w, https:\/\/ajuda.sei-calculos.com.br\/wp-content\/uploads\/2025\/09\/mceclip0-12-300x131.png 300w, https:\/\/ajuda.sei-calculos.com.br\/wp-content\/uploads\/2025\/09\/mceclip0-12-768x335.png 768w, https:\/\/ajuda.sei-calculos.com.br\/wp-content\/uploads\/2025\/09\/mceclip0-12.png 1447w\" sizes=\"(max-width: 1024px) 100vw, 1024px\" \/><\/figure>\n\n\n\n<p>Selecione o centro de custo que deseja personalizar:<\/p>\n\n\n\n<p><img decoding=\"async\" src=\"https:\/\/central.ajuda.sei-calculos.com.br\/hc\/article_attachments\/35345619763227\"><\/p>\n\n\n\n<p>Para alterar clique no bot\u00e3o Editar nomenclatura na linha desejada:<\/p>\n\n\n\n<figure class=\"wp-block-image aligncenter size-large\"><img loading=\"lazy\" decoding=\"async\" width=\"1024\" height=\"165\" src=\"https:\/\/ajuda.sei-calculos.com.br\/wp-content\/uploads\/2025\/09\/mceclip2-8-1024x165.png\" alt=\"\" class=\"wp-image-558\" srcset=\"https:\/\/ajuda.sei-calculos.com.br\/wp-content\/uploads\/2025\/09\/mceclip2-8-1024x165.png 1024w, https:\/\/ajuda.sei-calculos.com.br\/wp-content\/uploads\/2025\/09\/mceclip2-8-300x48.png 300w, https:\/\/ajuda.sei-calculos.com.br\/wp-content\/uploads\/2025\/09\/mceclip2-8-768x124.png 768w, https:\/\/ajuda.sei-calculos.com.br\/wp-content\/uploads\/2025\/09\/mceclip2-8.png 1090w\" sizes=\"(max-width: 1024px) 100vw, 1024px\" \/><\/figure>\n\n\n\n<p>Digite (1) o termo a ser utilizado e clique no bot\u00e3o confirmar (2):<\/p>\n\n\n\n<figure class=\"wp-block-image aligncenter size-full is-resized\"><img loading=\"lazy\" decoding=\"async\" width=\"360\" height=\"134\" src=\"https:\/\/ajuda.sei-calculos.com.br\/wp-content\/uploads\/2025\/09\/mceclip3-3.png\" alt=\"\" class=\"wp-image-559\" style=\"width:317px;height:auto\" srcset=\"https:\/\/ajuda.sei-calculos.com.br\/wp-content\/uploads\/2025\/09\/mceclip3-3.png 360w, https:\/\/ajuda.sei-calculos.com.br\/wp-content\/uploads\/2025\/09\/mceclip3-3-300x112.png 300w\" sizes=\"(max-width: 360px) 100vw, 360px\" \/><\/figure>\n\n\n\n<p>Ap\u00f3s a altera\u00e7\u00e3o, todos os c\u00e1lculos relacionados ao centro de curto alterado, utilizar\u00e3o a nomenclatura personalizada.<\/p>\n\n\n\n<p>Para retornar todas as nomenclaturas do centro de custo ao padr\u00e3o, clique no bot\u00e3o Restaurar Padr\u00e3o:<\/p>\n\n\n\n<figure class=\"wp-block-image aligncenter size-large\"><img loading=\"lazy\" decoding=\"async\" width=\"1024\" height=\"82\" src=\"https:\/\/ajuda.sei-calculos.com.br\/wp-content\/uploads\/2025\/09\/mceclip4-3-1024x82.png\" alt=\"\" class=\"wp-image-560\" srcset=\"https:\/\/ajuda.sei-calculos.com.br\/wp-content\/uploads\/2025\/09\/mceclip4-3-1024x82.png 1024w, https:\/\/ajuda.sei-calculos.com.br\/wp-content\/uploads\/2025\/09\/mceclip4-3-300x24.png 300w, https:\/\/ajuda.sei-calculos.com.br\/wp-content\/uploads\/2025\/09\/mceclip4-3-768x61.png 768w, https:\/\/ajuda.sei-calculos.com.br\/wp-content\/uploads\/2025\/09\/mceclip4-3.png 1341w\" sizes=\"(max-width: 1024px) 100vw, 1024px\" \/><\/figure>\n","protected":false},"excerpt":{"rendered":"<p>Centro de Custo O Centro de Custo pode ser selecionado apenas entre aqueles liberados para o usu\u00e1rio logado. Caso necessite acesso a mais ou menos Centros de Custo, entre em contato com o administrador do sistema, que \u00e9 respons\u00e1vel por gerenciar essas permiss\u00f5es. Cada Centro de Custo possui configura\u00e7\u00f5es pr\u00f3prias, incluindo a nomenclatura dos termos [&hellip;]<\/p>\n","protected":false},"author":1,"featured_media":0,"parent":0,"menu_order":0,"comment_status":"closed","ping_status":"closed","template":"","meta":{"site-sidebar-layout":"default","site-content-layout":"","ast-site-content-layout":"default","site-content-style":"default","site-sidebar-style":"default","ast-global-header-display":"","ast-banner-title-visibility":"","ast-main-header-display":"","ast-hfb-above-header-display":"","ast-hfb-below-header-display":"","ast-hfb-mobile-header-display":"","site-post-title":"disabled","ast-breadcrumbs-content":"","ast-featured-img":"","footer-sml-layout":"","ast-disable-related-posts":"","theme-transparent-header-meta":"","adv-header-id-meta":"","stick-header-meta":"","header-above-stick-meta":"","header-main-stick-meta":"","header-below-stick-meta":"","astra-migrate-meta-layouts":"default","ast-page-background-enabled":"default","ast-page-background-meta":{"desktop":{"background-color":"var(--ast-global-color-4)","background-image":"","background-repeat":"repeat","background-position":"center center","background-size":"auto","background-attachment":"scroll","background-type":"","background-media":"","overlay-type":"","overlay-color":"","overlay-opacity":"","overlay-gradient":""},"tablet":{"background-color":"","background-image":"","background-repeat":"repeat","background-position":"center center","background-size":"auto","background-attachment":"scroll","background-type":"","background-media":"","overlay-type":"","overlay-color":"","overlay-opacity":"","overlay-gradient":""},"mobile":{"background-color":"","background-image":"","background-repeat":"repeat","background-position":"center center","background-size":"auto","background-attachment":"scroll","background-type":"","background-media":"","overlay-type":"","overlay-color":"","overlay-opacity":"","overlay-gradient":""}},"ast-content-background-meta":{"desktop":{"background-color":"var(--ast-global-color-5)","background-image":"","background-repeat":"repeat","background-position":"center center","background-size":"auto","background-attachment":"scroll","background-type":"","background-media":"","overlay-type":"","overlay-color":"","overlay-opacity":"","overlay-gradient":""},"tablet":{"background-color":"var(--ast-global-color-5)","background-image":"","background-repeat":"repeat","background-position":"center center","background-size":"auto","background-attachment":"scroll","background-type":"","background-media":"","overlay-type":"","overlay-color":"","overlay-opacity":"","overlay-gradient":""},"mobile":{"background-color":"var(--ast-global-color-5)","background-image":"","background-repeat":"repeat","background-position":"center center","background-size":"auto","background-attachment":"scroll","background-type":"","background-media":"","overlay-type":"","overlay-color":"","overlay-opacity":"","overlay-gradient":""}},"footnotes":""},"_links":{"self":[{"href":"https:\/\/ajuda.sei-calculos.com.br\/index.php?rest_route=\/wp\/v2\/pages\/552"}],"collection":[{"href":"https:\/\/ajuda.sei-calculos.com.br\/index.php?rest_route=\/wp\/v2\/pages"}],"about":[{"href":"https:\/\/ajuda.sei-calculos.com.br\/index.php?rest_route=\/wp\/v2\/types\/page"}],"author":[{"embeddable":true,"href":"https:\/\/ajuda.sei-calculos.com.br\/index.php?rest_route=\/wp\/v2\/users\/1"}],"replies":[{"embeddable":true,"href":"https:\/\/ajuda.sei-calculos.com.br\/index.php?rest_route=%2Fwp%2Fv2%2Fcomments&post=552"}],"version-history":[{"count":3,"href":"https:\/\/ajuda.sei-calculos.com.br\/index.php?rest_route=\/wp\/v2\/pages\/552\/revisions"}],"predecessor-version":[{"id":569,"href":"https:\/\/ajuda.sei-calculos.com.br\/index.php?rest_route=\/wp\/v2\/pages\/552\/revisions\/569"}],"wp:attachment":[{"href":"https:\/\/ajuda.sei-calculos.com.br\/index.php?rest_route=%2Fwp%2Fv2%2Fmedia&parent=552"}],"curies":[{"name":"wp","href":"https:\/\/api.w.org\/{rel}","templated":true}]}}