{"id":9,"date":"2024-03-01T13:04:28","date_gmt":"2024-03-01T16:04:28","guid":{"rendered":"https:\/\/ajuda.sei-calculos.com.br\/?page_id=9"},"modified":"2025-09-24T17:23:00","modified_gmt":"2025-09-24T20:23:00","slug":"home","status":"publish","type":"page","link":"https:\/\/ajuda.sei-calculos.com.br\/","title":{"rendered":"Home"},"content":{"rendered":"\n<div class=\"wp-block-cover alignfull\" style=\"margin-top:0;margin-bottom:0;min-height:530px\"><span aria-hidden=\"true\" class=\"wp-block-cover__background has-background-dim-20 has-background-dim wp-block-cover__gradient-background has-background-gradient\" style=\"background:linear-gradient(190deg,rgb(180,236,244) 0%,rgb(54,79,123) 100%)\"><\/span><img loading=\"lazy\" decoding=\"async\" width=\"1600\" height=\"910\" class=\"wp-block-cover__image-background wp-image-477\" alt=\"\" src=\"http:\/\/ajuda.sei-calculos.com.br\/wp-content\/uploads\/2025\/09\/fundo-coneccoes.jpg\" data-object-fit=\"cover\" srcset=\"https:\/\/ajuda.sei-calculos.com.br\/wp-content\/uploads\/2025\/09\/fundo-coneccoes.jpg 1600w, https:\/\/ajuda.sei-calculos.com.br\/wp-content\/uploads\/2025\/09\/fundo-coneccoes-300x171.jpg 300w, https:\/\/ajuda.sei-calculos.com.br\/wp-content\/uploads\/2025\/09\/fundo-coneccoes-1024x582.jpg 1024w, https:\/\/ajuda.sei-calculos.com.br\/wp-content\/uploads\/2025\/09\/fundo-coneccoes-768x437.jpg 768w, https:\/\/ajuda.sei-calculos.com.br\/wp-content\/uploads\/2025\/09\/fundo-coneccoes-1536x874.jpg 1536w\" sizes=\"(max-width: 1600px) 100vw, 1600px\" \/><div class=\"wp-block-cover__inner-container is-layout-flow wp-container-core-cover-layout-1 wp-block-cover-is-layout-flow\">\n<div class=\"inherit-container-width wp-block-group alignwide is-layout-constrained wp-block-group-is-layout-constrained\">\n<div class=\"wp-block-media-text alignwide has-media-on-the-right is-stacked-on-mobile is-vertically-aligned-center\" style=\"grid-template-columns:auto 43%\"><div class=\"wp-block-media-text__content\">\n<h1 class=\"wp-block-heading has-text-align-left has-white-color has-text-color\">Bem vindo a Ajuda!<\/h1>\n\n\n\n<p>Portal dedicado a esclarecer d\u00favidas relacionadas ao SEI-C\u00e1lculos.<\/p>\n<\/div><figure class=\"wp-block-media-text__media\"><img loading=\"lazy\" decoding=\"async\" width=\"1024\" height=\"1024\" src=\"https:\/\/ajuda.sei-calculos.com.br\/wp-content\/uploads\/2025\/08\/ChatGPT-Image-26-de-ago.-de-2025-12_38_20.png\" alt=\"\" class=\"wp-image-372 size-full\" srcset=\"https:\/\/ajuda.sei-calculos.com.br\/wp-content\/uploads\/2025\/08\/ChatGPT-Image-26-de-ago.-de-2025-12_38_20.png 1024w, https:\/\/ajuda.sei-calculos.com.br\/wp-content\/uploads\/2025\/08\/ChatGPT-Image-26-de-ago.-de-2025-12_38_20-300x300.png 300w, https:\/\/ajuda.sei-calculos.com.br\/wp-content\/uploads\/2025\/08\/ChatGPT-Image-26-de-ago.-de-2025-12_38_20-150x150.png 150w, https:\/\/ajuda.sei-calculos.com.br\/wp-content\/uploads\/2025\/08\/ChatGPT-Image-26-de-ago.-de-2025-12_38_20-768x768.png 768w\" sizes=\"(max-width: 1024px) 100vw, 1024px\" \/><\/figure><\/div>\n<\/div>\n<\/div><\/div>\n\n\n\n<div class=\"wp-block-group alignfull has-ast-global-color-5-background-color has-background is-layout-constrained wp-container-core-group-layout-2 wp-block-group-is-layout-constrained\" style=\"padding-bottom:0px\">\n<div class=\"wp-block-columns are-vertically-aligned-top is-layout-flex wp-container-core-columns-layout-1 wp-block-columns-is-layout-flex\">\n<div class=\"wp-block-column is-vertically-aligned-top is-layout-flow wp-container-core-column-layout-1 wp-block-column-is-layout-flow\">\n<figure class=\"wp-block-image size-full is-resized\"><img decoding=\"async\" src=\"https:\/\/ajuda.sei-calculos.com.br\/wp-content\/uploads\/2024\/03\/mono-xcalc.svg\" alt=\"\" class=\"wp-image-61\" style=\"width:45px\"\/><\/figure>\n\n\n\n<h3 class=\"wp-block-heading has-text-align-left\" style=\"margin-top:16px\"><a href=\"https:\/\/ajuda.sei-calculos.com.br\/?page_id=37\">M\u00f3dulos de C\u00e1lculos<\/a><\/h3>\n\n\n\n<p class=\"has-text-align-left\">Conta Corrente \/ 354<br>Atualiza\u00e7\u00e3o Simples<br>Atualiza\u00e7\u00e3o Automatizada<br>Financiamento<\/p>\n<\/div>\n\n\n\n<div class=\"wp-block-column is-vertically-aligned-top is-layout-flow wp-container-core-column-layout-2 wp-block-column-is-layout-flow\">\n<figure class=\"wp-block-image size-full is-resized\"><img loading=\"lazy\" decoding=\"async\" width=\"1536\" height=\"1024\" src=\"http:\/\/ajuda.sei-calculos.com.br\/wp-content\/uploads\/2025\/08\/ChatGPT-Image-26-de-ago.-de-2025-15_50_47.png\" alt=\"\" class=\"wp-image-379\" style=\"width:86px;height:auto\" srcset=\"https:\/\/ajuda.sei-calculos.com.br\/wp-content\/uploads\/2025\/08\/ChatGPT-Image-26-de-ago.-de-2025-15_50_47.png 1536w, https:\/\/ajuda.sei-calculos.com.br\/wp-content\/uploads\/2025\/08\/ChatGPT-Image-26-de-ago.-de-2025-15_50_47-300x200.png 300w, https:\/\/ajuda.sei-calculos.com.br\/wp-content\/uploads\/2025\/08\/ChatGPT-Image-26-de-ago.-de-2025-15_50_47-1024x683.png 1024w, https:\/\/ajuda.sei-calculos.com.br\/wp-content\/uploads\/2025\/08\/ChatGPT-Image-26-de-ago.-de-2025-15_50_47-768x512.png 768w\" sizes=\"(max-width: 1536px) 100vw, 1536px\" \/><\/figure>\n\n\n\n<h3 class=\"wp-block-heading has-text-align-left\" style=\"margin-top:16px\"><a href=\"https:\/\/ajuda.sei-calculos.com.br\/?page_id=378\">V\u00eddeos<\/a><\/h3>\n\n\n\n<p class=\"has-text-align-left\">Acesso r\u00e1pido \u00e0 galeria de v\u00eddeos do SEI-C\u00e1lculos!<\/p>\n<\/div>\n\n\n\n<div class=\"wp-block-column is-vertically-aligned-top is-layout-flow wp-container-core-column-layout-3 wp-block-column-is-layout-flow\">\n<figure class=\"wp-block-image size-full is-resized\"><img loading=\"lazy\" decoding=\"async\" width=\"128\" height=\"128\" src=\"http:\/\/ajuda.sei-calculos.com.br\/wp-content\/uploads\/2024\/06\/bulles-icon-1.png\" alt=\"\" class=\"wp-image-281\" style=\"width:45px;height:auto\"\/><\/figure>\n\n\n\n<h3 class=\"wp-block-heading has-text-align-left\" style=\"margin-top:16px\"><a href=\"https:\/\/ajuda.sei-calculos.com.br\/?page_id=393\" data-type=\"page\" data-id=\"393\">Dicas<\/a><\/h3>\n\n\n\n<p class=\"has-text-align-left\">Aqui voc\u00ea encontra dicas para o seu dia a dia com o SEI-C\u00e1lculos. <\/p>\n<\/div>\n<\/div>\n\n\n\n<div class=\"wp-block-columns are-vertically-aligned-top is-layout-flex wp-container-core-columns-layout-2 wp-block-columns-is-layout-flex\">\n<div class=\"wp-block-column is-vertically-aligned-top is-layout-flow wp-container-core-column-layout-4 wp-block-column-is-layout-flow\">\n<figure class=\"wp-block-image size-full is-resized\"><img decoding=\"async\" src=\"https:\/\/ajuda.sei-calculos.com.br\/wp-content\/uploads\/2024\/03\/1638893948adm.svg\" alt=\"\" class=\"wp-image-64\" style=\"width:45px\"\/><\/figure>\n\n\n\n<h3 class=\"wp-block-heading has-text-align-left\" style=\"margin-top:16px\"><a href=\"https:\/\/ajuda.sei-calculos.com.br\/?page_id=534\">Administra\u00e7\u00e3o<\/a><\/h3>\n\n\n\n<p class=\"has-text-align-left\">Orienta\u00e7\u00f5es sobre a administra\u00e7\u00e3o de sua conta:<br>Gerenciar usu\u00e1rios<br>Centro de custos e Nomenclatura<\/p>\n<\/div>\n<\/div>\n<\/div>\n\n\n\n<script>\n        (function(w,d,u){\n                var s=d.createElement('script');s.async=true;s.src=u+'?'+(Date.now()\/60000|0);\n                var h=d.getElementsByTagName('script')[0];h.parentNode.insertBefore(s,h);\n        })(window,document,'https:\/\/cdn.bitrix24.com\/b20650911\/crm\/site_button\/loader_7_gdg27n.js');\n<\/script>\n","protected":false},"excerpt":{"rendered":"<p>M\u00f3dulos de C\u00e1lculos Conta Corrente \/ 354Atualiza\u00e7\u00e3o SimplesAtualiza\u00e7\u00e3o AutomatizadaFinanciamento V\u00eddeos Acesso r\u00e1pido \u00e0 galeria de v\u00eddeos do SEI-C\u00e1lculos! Dicas Aqui voc\u00ea encontra dicas para o seu dia a dia com o SEI-C\u00e1lculos. Administra\u00e7\u00e3o Orienta\u00e7\u00f5es sobre a administra\u00e7\u00e3o de sua conta:Gerenciar usu\u00e1riosCentro de custos e Nomenclatura<\/p>\n","protected":false},"author":2,"featured_media":0,"parent":0,"menu_order":0,"comment_status":"closed","ping_status":"closed","template":"","meta":{"site-sidebar-layout":"no-sidebar","site-content-layout":"plain-container","ast-site-content-layout":"default","site-content-style":"unboxed","site-sidebar-style":"default","ast-global-header-display":"","ast-banner-title-visibility":"","ast-main-header-display":"","ast-hfb-above-header-display":"","ast-hfb-below-header-display":"","ast-hfb-mobile-header-display":"","site-post-title":"disabled","ast-breadcrumbs-content":"","ast-featured-img":"","footer-sml-layout":"","ast-disable-related-posts":"","theme-transparent-header-meta":"default","adv-header-id-meta":"","stick-header-meta":"","header-above-stick-meta":"","header-main-stick-meta":"","header-below-stick-meta":"","astra-migrate-meta-layouts":"default","ast-page-background-enabled":"default","ast-page-background-meta":{"desktop":{"background-color":"var(--ast-global-color-4)","background-image":"","background-repeat":"repeat","background-position":"center center","background-size":"auto","background-attachment":"scroll","background-type":"","background-media":"","overlay-type":"","overlay-color":"","overlay-opacity":"","overlay-gradient":""},"tablet":{"background-color":"","background-image":"","background-repeat":"repeat","background-position":"center center","background-size":"auto","background-attachment":"scroll","background-type":"","background-media":"","overlay-type":"","overlay-color":"","overlay-opacity":"","overlay-gradient":""},"mobile":{"background-color":"","background-image":"","background-repeat":"repeat","background-position":"center center","background-size":"auto","background-attachment":"scroll","background-type":"","background-media":"","overlay-type":"","overlay-color":"","overlay-opacity":"","overlay-gradient":""}},"ast-content-background-meta":{"desktop":{"background-color":"var(--ast-global-color-5)","background-image":"","background-repeat":"repeat","background-position":"center center","background-size":"auto","background-attachment":"scroll","background-type":"","background-media":"","overlay-type":"","overlay-color":"","overlay-opacity":"","overlay-gradient":""},"tablet":{"background-color":"var(--ast-global-color-5)","background-image":"","background-repeat":"repeat","background-position":"center center","background-size":"auto","background-attachment":"scroll","background-type":"","background-media":"","overlay-type":"","overlay-color":"","overlay-opacity":"","overlay-gradient":""},"mobile":{"background-color":"var(--ast-global-color-5)","background-image":"","background-repeat":"repeat","background-position":"center center","background-size":"auto","background-attachment":"scroll","background-type":"","background-media":"","overlay-type":"","overlay-color":"","overlay-opacity":"","overlay-gradient":""}},"footnotes":""},"_links":{"self":[{"href":"https:\/\/ajuda.sei-calculos.com.br\/index.php?rest_route=\/wp\/v2\/pages\/9"}],"collection":[{"href":"https:\/\/ajuda.sei-calculos.com.br\/index.php?rest_route=\/wp\/v2\/pages"}],"about":[{"href":"https:\/\/ajuda.sei-calculos.com.br\/index.php?rest_route=\/wp\/v2\/types\/page"}],"author":[{"embeddable":true,"href":"https:\/\/ajuda.sei-calculos.com.br\/index.php?rest_route=\/wp\/v2\/users\/2"}],"replies":[{"embeddable":true,"href":"https:\/\/ajuda.sei-calculos.com.br\/index.php?rest_route=%2Fwp%2Fv2%2Fcomments&post=9"}],"version-history":[{"count":47,"href":"https:\/\/ajuda.sei-calculos.com.br\/index.php?rest_route=\/wp\/v2\/pages\/9\/revisions"}],"predecessor-version":[{"id":573,"href":"https:\/\/ajuda.sei-calculos.com.br\/index.php?rest_route=\/wp\/v2\/pages\/9\/revisions\/573"}],"wp:attachment":[{"href":"https:\/\/ajuda.sei-calculos.com.br\/index.php?rest_route=%2Fwp%2Fv2%2Fmedia&parent=9"}],"curies":[{"name":"wp","href":"https:\/\/api.w.org\/{rel}","templated":true}]}}